{"id":5112,"date":"2025-06-13T08:59:52","date_gmt":"2025-06-13T06:59:52","guid":{"rendered":"https:\/\/stage0.dev.aplitec.com\/avis-legal\/"},"modified":"2026-05-04T13:02:00","modified_gmt":"2026-05-04T11:02:00","slug":"avis-legal","status":"publish","type":"page","link":"https:\/\/stage0.dev.aplitec.com\/ca\/avis-legal\/","title":{"rendered":"Av\u00eds Legal"},"content":{"rendered":"\n<div style=\"height:100px\" aria-hidden=\"true\" class=\"wp-block-spacer\"><\/div>\n\n<h1 class=\"wp-block-heading\">Av\u00eds Legal<\/h1>\n\n<p><strong>OBJECTE<\/strong><\/p>\n\n<p>El present Av\u00eds Legal regula l&#8217;\u00fas i utilitzaci\u00f3 del lloc web <a href=\"https:\/\/stage0.dev.aplitec.com\/ca\/\">https:\/\/stage0.dev.aplitec.com\/<\/a>, del qual \u00e9s titular SECTOR LOAN PROPERTIES, S.L. (en endavant, EL PROPIETARI DE LA WEB).<\/p>\n\n<p>La navegaci\u00f3 pel lloc web del PROPIETARI DE LA WEB li atribueix la condici\u00f3 d&#8217;USUARI del mateix i comporta la seva plena acceptaci\u00f3 i sense reserves de totes i cadascuna de les condicions publicades en aquest Av\u00eds Legal, advertint que aquestes condicions podran ser modificades sense notificaci\u00f3 pr\u00e8via per part del PROPIETARI DE LA WEB,  cas en el qual es procedir\u00e0 a la seva publicaci\u00f3 i av\u00eds amb la m\u00e0xima.<\/p>\n\n<p>Per aix\u00f2 \u00e9s recomanable llegir atentament el seu contingut en cas de desitjar accedir i fer \u00fas de la informaci\u00f3 i els serveis oferts des d&#8217;aquest lloc web.<\/p>\n\n<p>L&#8217;usuari a m\u00e9s, s&#8217;obliga a fer un \u00fas correcte del lloc web de conformitat amb les lleis, la bona fe, l&#8217;ordre p\u00fablic, els usos del tr\u00e0nsit i el present Av\u00eds Legal, i respondr\u00e0 davant el PROPIETARI DE LA WEB o davant tercers, de qualssevol danys i perjudicis que poguessin causar-se com a conseq\u00fc\u00e8ncia de la mateixa.<\/p>\n\n<p>Qualsevol utilitzaci\u00f3 diferent a l&#8217;autoritzada est\u00e0 expressament prohibida, podent EL PROPIETARI DE LA WEB denegar o retirar l&#8217;acc\u00e9s i el seu \u00fas en qualsevol moment.<\/p>\n\n<p><strong>IDENTIFICACI\u00d3<\/strong><\/p>\n\n<p>EL PROPIETARI DE LA WEB, en compliment de la Llei 34\/2002, d&#8217;11 de juliol, de Serveis de la Societat de la Informaci\u00f3 i de Comer\u00e7 Electr\u00f2nic, l&#8217;informa que:<\/p>\n\n<ul class=\"wp-block-list\">\n<li>Denominaci\u00f3 social: SECTOR LOAN PROPERTIES, S.L.<\/li>\n\n\n\n<li>NIF: B60556925<\/li>\n\n\n\n<li>Domicili social: C\/ Josep Maluquer i Salvador, 14 baixos<\/li>\n<\/ul>\n\n<p><strong>COMUNICACIONS<\/strong><\/p>\n\n<p>Per comunicar-se amb nosaltres, posem a la seva disposici\u00f3 diferents mitjans de contacte que detallem a continuaci\u00f3:<\/p>\n\n<ul class=\"wp-block-list\">\n<li>Tel\u00e8fon: 699245520<\/li>\n\n\n\n<li>Email: info@stage0.dev.aplitec.com<\/li>\n<\/ul>\n\n<p>Totes les notificacions i comunicacions entre els usuaris i EL PROPIETARI DE LA WEB es consideraran eficaces, a tots els efectes, quan es realitzin a trav\u00e9s de qualsevol mitj\u00e0 dels detallats anteriorment.<\/p>\n\n<p><strong>CONDICIONS D&#8217; ACC\u00c9S I UTILITZACI\u00d3<\/strong><\/p>\n\n<p>El lloc web i els seus serveis s\u00f3n d&#8217;acc\u00e9s lliure i gratu\u00eft. No obstant aix\u00f2, EL PROPIETARI DE LA WEB pot condicionar la utilitzaci\u00f3 d&#8217;alguns dels serveis oferts al seu web a la pr\u00e8via complimentaci\u00f3 del corresponent formulari. <\/p>\n\n<p>L&#8217;usuari garanteix l&#8217;autenticitat i actualitat de totes aquelles dades que comuniqui al PROPIETARI DE LA WEB i ser\u00e0 l&#8217;\u00fanic responsable de les manifestacions falses o inexactes que realitzi.<\/p>\n\n<p>L&#8217;usuari es compromet expressament a fer un \u00fas adequat dels continguts i serveis del PROPIETARI DE LA WEB ja no utilitzar-los per, entre d&#8217;altres:<\/p>\n\n<ol start=\"1\" class=\"wp-block-list\">\n<li>a) Difondre continguts delictius, violents, pornogr\u00e0fics, racistes, xen\u00f2fobs, ofensius, d&#8217; apologia del terrorisme o, en general, contraris a la llei o a l&#8217; ordre p\u00fablic.<\/li>\n\n\n\n<li>b) Introduir a la xarxa virus inform\u00e0tics o realitzar actuacions susceptibles d&#8217; alterar, malmetre, interrompre o generar errors o danys en els documents electr\u00f2nics, dades o sistemes f\u00edsics i l\u00f2gics del PROPIETARI DE LA WEB o de terceres persones; aix\u00ed com obstaculitzar l&#8217;acc\u00e9s d&#8217;altres usuaris al lloc web ja els seus serveis mitjan\u00e7ant el consum massiu dels recursos inform\u00e0tics a trav\u00e9s dels quals EL PROPIETARI DE LA WEB presta els seus serveis.<\/li>\n\n\n\n<li>c) Intentar accedir als comptes de correu electr\u00f2nic d&#8217; altres usuaris oa \u00e0rees restringides dels sistemes inform\u00e0tics del PROPIETARI DE LA WEB o de tercers i, si s&#8217; escau, extreure informaci\u00f3.<\/li>\n\n\n\n<li>d) Vulnerar els drets de propietat intel\u00b7lectual o industrial, aix\u00ed com violar la confidencialitat de la informaci\u00f3 del PROPIETARI DE LA WEB o de tercers.<\/li>\n\n\n\n<li>e) Suplantar la identitat de qualsevol altre usuari.<\/li>\n\n\n\n<li>f) Reproduir, copiar, distribuir, posar a disposici\u00f3 de, o qualsevol altra forma de comunicaci\u00f3 p\u00fablica, transformar o modificar els continguts, llevat que es compti amb l&#8217; autoritzaci\u00f3 del titular dels corresponents drets o aix\u00f2 resulti legalment perm\u00e8s.<\/li>\n\n\n\n<li>g) Recaptar dades amb finalitat publicit\u00e0ria i de remetre publicitat de qualsevol classe i comunicacions amb finalitats de venda o altres de naturalesa comercial sense que existeixi la seva pr\u00e8via sol\u00b7licitud o consentiment.<\/li>\n<\/ol>\n\n<p>Tots els continguts del lloc web, com textos, fotografies, gr\u00e0fics, imatges, icones, tecnologia, programari, aix\u00ed com el seu disseny gr\u00e0fic i codis font, constitueixen una obra la propietat de la qual pertany al PROPIETARI DE LA WEB, sense que puguin entendre&#8217;s cedits a l&#8217;usuari cap dels drets d&#8217;explotaci\u00f3 sobre els mateixos m\u00e9s enll\u00e0 de l&#8217;estrictament necessari per al correcte \u00fas de la web.<\/p>\n\n<p>En definitiva, els usuaris que accedeixin a aquest lloc web poden visualitzar els continguts i efectuar, si s&#8217;escau, c\u00f2pies privades autoritzades sempre que els elements reprodu\u00efts no siguin cedits posteriorment a tercers, ni s&#8217;instal\u00b7lin en servidors connectats a xarxes, ni siguin objecte d&#8217;explotaci\u00f3 alguna.<\/p>\n\n<p>Aix\u00ed mateix, totes les marques, noms comercials o signes distintius de qualsevol classe que apareixen al lloc web s\u00f3n propietat del PROPIETARI DE LA WEB, sense que es pugui entendre que l&#8217;\u00fas o acc\u00e9s al mateix atribueixi a l&#8217;usuari cap dret sobre ells.<\/p>\n\n<p>La distribuci\u00f3, modificaci\u00f3, cessi\u00f3 o comunicaci\u00f3 p\u00fablica dels continguts i qualsevol altre acte que no hagi estat expressament autoritzat pel titular dels drets d&#8217; explotaci\u00f3 queden prohibits.<\/p>\n\n<p>L&#8217;establiment d&#8217;un hiperenlla\u00e7 no implica en cap cas l&#8217;exist\u00e8ncia de relacions entre EL PROPIETARI DE LA WEB i el propietari del lloc web en la qual s&#8217;estableixi, ni l&#8217;acceptaci\u00f3 i aprovaci\u00f3 per part del PROPIETARI DE LA WEB dels seus continguts o serveis.<\/p>\n\n<p>El PROPIETARI DE LA WEB no es responsabilitza de l&#8217;\u00fas que cada usuari li doni als materials posats a disposici\u00f3 en aquest lloc web ni de les actuacions que realitzi en base als mateixos.<\/p>\n\n<p><strong>EXCLUSI\u00d3 DE GARANTIES I DE RESPONSABILITAT EN L&#8217; ACC\u00c9S I LA UTILITZACI\u00d3<\/strong><\/p>\n\n<p>El contingut del present lloc web \u00e9s de car\u00e0cter general i t\u00e9 una finalitat merament informativa, sense que es garanteixi plenament l&#8217;acc\u00e9s a tots els continguts, ni la seva exhaustivitat, correcci\u00f3, vig\u00e8ncia o actualitat, ni la seva idone\u00eftat o utilitat per a un objectiu espec\u00edfic.<\/p>\n\n<p>El PROPIETARI DE LA WEB exclou, fins on permet l&#8217; ordenament jur\u00eddic, qualsevol responsabilitat pels danys i perjudicis de tota naturalesa derivats de:<\/p>\n\n<ol start=\"1\" class=\"wp-block-list\">\n<li>a) La impossibilitat d&#8217;acc\u00e9s al lloc web o la manca de veracitat, exactitud, exhaustivitat i\/o actualitat dels continguts, aix\u00ed com l&#8217;exist\u00e8ncia de vicis i defectes de tota classe dels continguts transmesos, difosos, emmagatzemats, posats a disposici\u00f3, als quals s&#8217;hagi accedit a trav\u00e9s del lloc web o dels serveis que s&#8217;ofereixen.<\/li>\n\n\n\n<li>b) La pres\u00e8ncia de virus o d&#8217; altres elements en els continguts que puguin produir alteracions en els sistemes inform\u00e0tics, documents electr\u00f2nics o dades dels usuaris.<\/li>\n\n\n\n<li>c) L&#8217; incompliment de les lleis, la bona fe, l&#8217; ordre p\u00fablic, els usos del tr\u00e0nsit i el present av\u00eds legal com a conseq\u00fc\u00e8ncia de l&#8217; \u00fas incorrecte del lloc web. En particular, ja manera exemplificadora, EL PROPIETARI DE LA WEB no es fa responsable de les actuacions de tercers que vulnerin drets de propietat intel\u00b7lectual i industrial, secrets empresarials, drets a l&#8217;honor, a la intimitat personal i familiar ja la pr\u00f2pia imatge, aix\u00ed com la normativa en mat\u00e8ria de compet\u00e8ncia deslleial i publicitat il\u00b7l\u00edcita. <\/li>\n<\/ol>\n\n<p>Aix\u00ed mateix, EL PROPIETARI DE LA WEB declina qualsevol responsabilitat pel que fa a la informaci\u00f3 que es trobi fora d&#8217;aquesta web i no sigui gestionada directament pel nostre webmaster.<\/p>\n\n<p>El PROPIETARI DE LA WEB no garanteix ni es responsabilitza del funcionament o accessibilitat dels llocs enlla\u00e7ats; ni suggereix, convida o recomana la visita als mateixos, per la qual cosa tampoc ser\u00e0 responsable del resultat obtingut. El PROPIETARI DE LA WEB no es responsabilitza de l&#8217;establiment d&#8217;hipervincles per part de tercers. <\/p>\n\n<p><strong>PROCEDIMENT EN CAS DE REALITZACI\u00d3 D&#8217; ACTIVITATS DE CAR\u00c0CTER IL\u00b7L\u00cdCIT<\/strong><\/p>\n\n<p>En cas que qualsevol usuari o un tercer consideri que existeixen fets o circumst\u00e0ncies que revelin el car\u00e0cter il\u00b7l\u00edcit de la utilitzaci\u00f3 de qualsevol contingut i\/o de la realitzaci\u00f3 de qualsevol activitat a les p\u00e0gines web incloses o accessibles a trav\u00e9s del lloc web, haur\u00e0 d&#8217;enviar una notificaci\u00f3 al PROPIETARI DE LA WEB identificant-se degudament i especificant les suposades infraccions.<\/p>\n\n<p><strong>PUBLICACIONS<\/strong><\/p>\n\n<p>La informaci\u00f3 administrativa facilitada a trav\u00e9s del lloc web no substitueix la publicitat legal de les lleis, normatives, plans, disposicions generals i actes que hagin de ser publicats formalment als diaris oficials de les administracions p\u00fabliques, que constitueixen l&#8217;\u00fanic instrument que d\u00f3na fe de la seva autenticitat i contingut. La informaci\u00f3 disponible en aquest lloc web s&#8217;ha d&#8217;entendre com una guia sense prop\u00f2sit de validesa legal. <\/p>\n\n<p><strong>LEGISLACI\u00d3 APLICABLE<\/strong><\/p>\n\n<p>Les presents condicions es regiran per la legislaci\u00f3 espanyola vigent. La llengua utilitzada ser\u00e0 el castell\u00e0. <\/p>\n","protected":false},"excerpt":{"rendered":"<p>Av\u00eds Legal OBJECTE El present Av\u00eds Legal regula l&#8217;\u00fas i utilitzaci\u00f3 del lloc web https:\/\/stage0.dev.aplitec.com\/, del qual \u00e9s titular SECTOR [&hellip;]<\/p>\n","protected":false},"author":1,"featured_media":0,"parent":0,"menu_order":0,"comment_status":"closed","ping_status":"open","template":"","meta":{"inline_featured_image":false,"site-sidebar-layout":"default","site-content-layout":"","ast-site-content-layout":"","site-content-style":"default","site-sidebar-style":"default","ast-global-header-display":"","ast-banner-title-visibility":"","ast-main-header-display":"","ast-hfb-above-header-display":"","ast-hfb-below-header-display":"","ast-hfb-mobile-header-display":"","site-post-title":"disabled","ast-breadcrumbs-content":"","ast-featured-img":"","footer-sml-layout":"","ast-disable-related-posts":"","theme-transparent-header-meta":"","adv-header-id-meta":"","stick-header-meta":"","header-above-stick-meta":"","header-main-stick-meta":"","header-below-stick-meta":"","astra-migrate-meta-layouts":"default","ast-page-background-enabled":"default","ast-page-background-meta":{"desktop":{"background-color":"var(--ast-global-color-5)","background-image":"","background-repeat":"repeat","background-position":"center center","background-size":"auto","background-attachment":"scroll","background-type":"","background-media":"","overlay-type":"","overlay-color":"","overlay-opacity":"","overlay-gradient":""},"tablet":{"background-color":"","background-image":"","background-repeat":"repeat","background-position":"center center","background-size":"auto","background-attachment":"scroll","background-type":"","background-media":"","overlay-type":"","overlay-color":"","overlay-opacity":"","overlay-gradient":""},"mobile":{"background-color":"","background-image":"","background-repeat":"repeat","background-position":"center center","background-size":"auto","background-attachment":"scroll","background-type":"","background-media":"","overlay-type":"","overlay-color":"","overlay-opacity":"","overlay-gradient":""}},"ast-content-background-meta":{"desktop":{"background-color":"var(--ast-global-color-4)","background-image":"","background-repeat":"repeat","background-position":"center center","background-size":"auto","background-attachment":"scroll","background-type":"","background-media":"","overlay-type":"","overlay-color":"","overlay-opacity":"","overlay-gradient":""},"tablet":{"background-color":"var(--ast-global-color-4)","background-image":"","background-repeat":"repeat","background-position":"center center","background-size":"auto","background-attachment":"scroll","background-type":"","background-media":"","overlay-type":"","overlay-color":"","overlay-opacity":"","overlay-gradient":""},"mobile":{"background-color":"var(--ast-global-color-4)","background-image":"","background-repeat":"repeat","background-position":"center center","background-size":"auto","background-attachment":"scroll","background-type":"","background-media":"","overlay-type":"","overlay-color":"","overlay-opacity":"","overlay-gradient":""}},"footnotes":""},"class_list":["post-5112","page","type-page","status-publish","hentry"],"_links":{"self":[{"href":"https:\/\/stage0.dev.aplitec.com\/ca\/wp-json\/wp\/v2\/pages\/5112","targetHints":{"allow":["GET"]}}],"collection":[{"href":"https:\/\/stage0.dev.aplitec.com\/ca\/wp-json\/wp\/v2\/pages"}],"about":[{"href":"https:\/\/stage0.dev.aplitec.com\/ca\/wp-json\/wp\/v2\/types\/page"}],"author":[{"embeddable":true,"href":"https:\/\/stage0.dev.aplitec.com\/ca\/wp-json\/wp\/v2\/users\/1"}],"replies":[{"embeddable":true,"href":"https:\/\/stage0.dev.aplitec.com\/ca\/wp-json\/wp\/v2\/comments?post=5112"}],"version-history":[{"count":2,"href":"https:\/\/stage0.dev.aplitec.com\/ca\/wp-json\/wp\/v2\/pages\/5112\/revisions"}],"predecessor-version":[{"id":5809,"href":"https:\/\/stage0.dev.aplitec.com\/ca\/wp-json\/wp\/v2\/pages\/5112\/revisions\/5809"}],"wp:attachment":[{"href":"https:\/\/stage0.dev.aplitec.com\/ca\/wp-json\/wp\/v2\/media?parent=5112"}],"curies":[{"name":"wp","href":"https:\/\/api.w.org\/{rel}","templated":true}]}}