{"id":5128,"date":"2025-06-13T09:00:36","date_gmt":"2025-06-13T07:00:36","guid":{"rendered":"https:\/\/stage0.dev.aplitec.com\/politica-de-galetes\/"},"modified":"2026-05-04T13:02:06","modified_gmt":"2026-05-04T11:02:06","slug":"politica-de-galetes","status":"publish","type":"page","link":"https:\/\/stage0.dev.aplitec.com\/ca\/politica-de-galetes\/","title":{"rendered":"Pol\u00edtica de cookies"},"content":{"rendered":"\n<div style=\"height:150px\" aria-hidden=\"true\" class=\"wp-block-spacer\"><\/div>\n\n<h1 class=\"wp-block-heading\"><strong>Pol\u00edtica de cookies<\/strong><\/h1>\n\n<p>En compliment de la Llei 34\/2002 de Serveis de la Societat de la Informaci\u00f3 i del Comer\u00e7 Electr\u00f2nic (LSSICE), s&#8217;informa dels seg\u00fcents aspectes legals de la Web:<\/p>\n\n<figure class=\"wp-block-table\"><table class=\"has-fixed-layout\"><tbody><tr><td>Web:<\/td><td><a href=\"https:\/\/stage0.dev.aplitec.com\/ca\/\">https:\/\/stage0.dev.aplitec.com\/<\/a><\/td><\/tr><tr><td>Titular:<\/td><td>Sector Loan Properties, S.L.<\/td><\/tr><tr><td>Adre\u00e7a:<\/td><td>C\/ Josep Maluquer i Salvador, 14 baixos<\/td><\/tr><tr><td>DNI:<\/td><td>B60556925<\/td><\/tr><tr><td>Tel\u00e8fon:<\/td><td>699245520<\/td><\/tr><tr><td>Correu electr\u00f2nic:<\/td><td>info@stage0.dev.aplitec.com<\/td><\/tr><\/tbody><\/table><\/figure>\n\n<p>SECTOR LOAN PROPERTIES, S.L. pot recopilar informaci\u00f3 sobre els h\u00e0bits de recerca dels usuaris del lloc web mitjan\u00e7ant cookies o arxius de registre. No s&#8217;utilitzaran les cookies per recaptar informaci\u00f3 de car\u00e0cter personal. Nom\u00e9s s&#8217;instal\u00b7laran si l&#8217;Usuari roman i segueix navegant a la nostra p\u00e0gina web, entenent que consent el seu \u00fas i instal\u00b7laci\u00f3. A continuaci\u00f3, proporcionem informaci\u00f3 detallada sobre: qu\u00e8 s\u00f3n les &#8220;cookies&#8221;, quina tipologia utilitza aquest lloc web, com poden desactivar-les al navegador i com bloquejar espec\u00edficament la instal\u00b7laci\u00f3 de Cookies de tercers.   <\/p>\n\n<p><strong>1) QU\u00c8 S\u00d3N LES COOKIES?<\/strong><\/p>\n\n<p>Les cookies s\u00f3n petits arxius de text generats per les p\u00e0gines web que l&#8217;Usuari visita, que contenen les dades de sessi\u00f3 que poden ser d&#8217;utilitat m\u00e9s endavant a la p\u00e0gina web. Les dades permeten que la p\u00e0gina web pugui mantenir la seva informaci\u00f3 entre les p\u00e0gines, i tamb\u00e9 per analitzar la forma d&#8217;interactuar amb el lloc. <\/p>\n\n<p>Les cookies s\u00f3n segures ja que nom\u00e9s poden emmagatzemar la informaci\u00f3 que es va posar al seu lloc pel navegador, la informaci\u00f3 que l&#8217;Usuari hagu\u00e9s introdu\u00eft al navegador o la que s&#8217;inclou a la sol\u00b7licitud de p\u00e0gina. No poden executar codi i no es poden utilitzar per accedir a l&#8217;equip de l&#8217;Usuari. <\/p>\n\n<p>Les cookies s\u00f3n essencials per al funcionament d&#8217;Internet, aportant innombrables avantatges en la prestaci\u00f3 de serveis interactius, facilitant la navegaci\u00f3 i la usabilitat de les p\u00e0gines web. Les cookies no poden danyar els equips i que estiguin activades ajuda a identificar i resoldre els errors. <\/p>\n\n<p>La informaci\u00f3 recaptada a trav\u00e9s de les cookies pot incloure la data i hora de visites al Lloc Web, les p\u00e0gines visionades, el temps que ha estat al Lloc Web i els llocs visitats just abans i despr\u00e9s del mateix. que la informaci\u00f3 privada de l&#8217;Usuari formi part de l&#8217;arxiu Cookie \u00e9s que l&#8217;usuari doni personalment aquesta informaci\u00f3 al servidor. <\/p>\n\n<p>Les cookies que permeten identificar una persona es consideren dades personals. Per tant, a aquestes els ser\u00e0 d&#8217; aplicaci\u00f3 la Pol\u00edtica de Privacitat anteriorment descrita. En aquest sentit, per a la utilitzaci\u00f3 de les mateixes ser\u00e0 necessari el consentiment de l&#8217; Usuari. Aquest consentiment ser\u00e0 comunicat, en base a una elecci\u00f3 aut\u00e8ntica, ofert mitjan\u00e7ant decisi\u00f3 afirmativa i positiva, abans del tractament inicial, removible i documentat.   <\/p>\n\n<p><strong>2) QUE S\u00d3N ELS SCRIPTOS?<\/strong><\/p>\n\n<p>Un script \u00e9s un fragment de codi de programa que s&#8217;utilitza perqu\u00e8 la nostra web funcioni correctament i de forma interactiva. Aquest codi s&#8217; executa en el nostre servidor o en el seu dispositiu. <\/p>\n\n<p><strong>3) TIPUS DE COOKIES<\/strong><\/p>\n\n<p>A continuaci\u00f3, proporcionem m\u00e9s informaci\u00f3 perqu\u00e8 s&#8217;entenguin millor els diferents tipus de cookies que poden ser utilitzats:<\/p>\n\n<p><strong>Segons titularitat<\/strong><\/p>\n\n<p>Cookies Pr\u00f2pies: s\u00f3n aquelles que s&#8217;envien a l&#8217;equip terminal de l&#8217;usuari des d&#8217;un equip o domini gestionat pel propi editor i des del qual es presta el servei sol\u00b7licitat per l&#8217;usuari.<\/p>\n\n<p>Cookies de tercers: s\u00f3n aquelles que s&#8217;envien a l&#8217;equip terminal de l&#8217;usuari des d&#8217;un equip o domini que no \u00e9s gestionat per l&#8217;editor, sin\u00f3 per una altra entitat que tracta les dades obtingudes a trav\u00e9s de les cookies.<\/p>\n\n<p><strong>Segons la seva finalitat<\/strong><\/p>\n\n<p>Cookies t\u00e8cniques (necess\u00e0ries): Les cookies t\u00e8cniques s\u00f3n aquelles imprescindibles i estrictament necess\u00e0ries per al correcte funcionament d&#8217;un portal web i la utilitzaci\u00f3 de les diferents opcions i serveis que ofereix.<\/p>\n\n<p>Per exemple, les que serveixen per al manteniment de la sessi\u00f3, gesti\u00f3 del temps de resposta, rendiment, etc.<\/p>\n\n<p>Cookies de prefer\u00e8ncies o personalitzaci\u00f3: s\u00f3n aquelles que permeten recordar informaci\u00f3 perqu\u00e8 l&#8217;usuari accedeixi al servei amb determinades caracter\u00edstiques que poden diferenciar la seva experi\u00e8ncia de la d&#8217;altres usuaris, com, per exemple, l&#8217;idioma, el nombre de resultats a mostrar quan l&#8217;usuari realitza una recerca, aspecte o contingut del servei en funci\u00f3 del tipus de navegador a trav\u00e9s del qual l&#8217;usuari accedeix al servei o de la mateixa.<\/p>\n\n<p>Cookies anal\u00edtiques: s\u00f3n aquelles que permeten al responsable de les mateixes el seguiment i an\u00e0lisi del comportament dels usuaris dels llocs web als quals estan vinculades, inclosa la quantificaci\u00f3 dels impactes dels anuncis. La informaci\u00f3 recollida mitjan\u00e7ant aquest tipus de cookies s&#8217;utilitza en el mesurament de l&#8217;activitat dels llocs web, aplicaci\u00f3 o plataforma, per introduir millores en funci\u00f3 de l&#8217;an\u00e0lisi de les dades d&#8217;\u00fas que realitzen els usuaris del servei. <\/p>\n\n<p>Cookies de publicitat comportamental: s\u00f3n aquelles que emmagatzemen informaci\u00f3 del comportament dels usuaris obtinguda a trav\u00e9s de l&#8217;observaci\u00f3 continuada dels seus h\u00e0bits de navegaci\u00f3, la qual cosa permet desenvolupar un perfil espec\u00edfic per mostrar publicitat en funci\u00f3 del mateix.<\/p>\n\n<p><strong>Segons termini<\/strong><\/p>\n\n<p>Cookies de sessi\u00f3: s\u00f3n aquelles dissenyades per recaptar i emmagatzemar dades mentre l&#8217;usuari accedeix a una p\u00e0gina web. Se solen utilitzar per emmagatzemar informaci\u00f3 que nom\u00e9s interessa conservar per a la prestaci\u00f3 del servei sol\u00b7licitat per l&#8217;usuari en una sola ocasi\u00f3 (per exemple, una llista de productes adquirits) i desapareixen en finalitzar la sessi\u00f3 <\/p>\n\n<p>Cookies persistents: s\u00f3n aquelles en qu\u00e8 les dades segueixen emmagatzemades al terminal i poden ser accedides i tractades durant un per\u00edode definit pel responsable de la cookie, i que pot anar d&#8217;uns minuts a diversos anys.<\/p>\n\n<p><strong>Cookies pr\u00f2pies<\/strong><\/p>\n\n<p>S\u00f3n aquelles cookies que s\u00f3n enviades a l&#8217;ordinador o dispositiu de l&#8217;Usuari i gestionades exclusivament per SECTOR LOAN PROPERTIES, S.L. per al millor funcionament del Lloc Web. La informaci\u00f3 que es recapta s&#8217;empra per millorar la qualitat del Lloc Web i el seu Contingut i la seva experi\u00e8ncia com a Usuari. Aquestes cookies permeten recon\u00e8ixer l&#8217;Usuari com a visitant recurrent del Lloc Web i adaptar el contingut per oferir-li continguts que s&#8217;ajustin a les seves prefer\u00e8ncies.  <\/p>\n\n<p>&#8220;cookieyes-consent&#8221;<\/p>\n\n<p>Funci\u00f3: Aquesta cookie \u00e9s utilitzada per CookieYes per emmagatzemar l&#8217;estat de consentiment de cookies de l&#8217;usuari. Emmagatzema informaci\u00f3 sobre les categories de cookies que l&#8217;usuari ha acceptat i les que ha rebutjat, assegurant que les prefer\u00e8ncies de l&#8217;usuari es respectin en futures visites al lloc. <\/p>\n\n<p>Tipologia: Funcional\/T\u00e8cnica.<\/p>\n\n<p>Durada: 1 any.  <\/p>\n\n<p><strong>Cookies de tercers<\/strong><\/p>\n\n<p>El lloc web no genera cookies de tercers.<\/p>\n\n<p>SECTOR LOAN PROPERTIES, S.L. no incorpora cap enlla\u00e7 ni plugin que redirija a p\u00e0gines web de xarxes socials ni compartir contingut.<\/p>\n\n<p><strong>4) RESPONSABLE DEL TRACTAMENT DE LES COOKIES<\/strong><\/p>\n\n<p>El titular de la web i responsable del tractament de les cookies aqu\u00ed utilitzades, aix\u00ed com les seves dades de contacte, s\u00f3n accessibles en l&#8217;Av\u00eds Legal d&#8217;aquesta p\u00e0gina. Aix\u00ed mateix, poden existir cookies de tercers diferents del titular d&#8217;aquesta web, com s&#8217;explica posteriorment. <\/p>\n\n<p><strong>5) LIGITIMACI\u00d3 PER A L&#8217; \u00daS DE COOKIES<\/strong><\/p>\n\n<p>En el cas de cookies t\u00e8cniques, \u00e9s a dir, aquelles que resulten imprescindibles per navegar per aquesta web i rebre el servei ofert a trav\u00e9s d&#8217;ella, la base legal del seu \u00fas \u00e9s l&#8217;acord a trav\u00e9s del qual vost\u00e8 decideix utilitzar aquesta p\u00e0gina web i utilitzar els seus serveis.<\/p>\n\n<p>La base legal de l&#8217;\u00fas de la resta de cookies \u00e9s el consentiment de l&#8217;usuari, que se li demana en el moment d&#8217;accedir a aquesta web, podent revocar-lo en qualsevol moment. La retirada d&#8217;aquest consentiment no afectar\u00e0 la possibilitat de navegar per aquesta web i utilitzar els seus serveis, per\u00f2 els tractaments de dades efectuats amb anterioritat no perdran la seva licitud a causa que el consentiment s&#8217;hagi revocat. <\/p>\n\n<p><strong>6) CONSENTIMENT<\/strong><\/p>\n\n<p>L&#8217;usuari haur\u00e0 d&#8217;acceptar de forma expl\u00edcita i activa l&#8217;\u00fas de les cookies abans anunciades, pels per\u00edodes assenyalats anteriorment i en les condicions contingudes en la present Pol\u00edtica de Cookies.<\/p>\n\n<p><strong>7) RETIRADA DEL CONSENTIMENT<\/strong><\/p>\n\n<p>L&#8217;usuari podr\u00e0 retirar en qualsevol moment el seu consentiment relacionat amb aquesta Pol\u00edtica de Cookies, per la qual cosa haur\u00e0 d&#8217;eliminar les cookies emmagatzemades en el seu equip utilitzant els ajustos i configuracions del seu navegador d&#8217;internet.<\/p>\n\n<p><strong>8) DRETS DE L&#8217; INTERESSAT<\/strong><\/p>\n\n<p>La majoria de cookies recopilen informaci\u00f3 an\u00f2nima, que no permet obtenir la identitat de l&#8217;usuari, si b\u00e9 alguns dels codis que s&#8217;inclouen serveixen per singularitzar o individualitzar el navegador del seu dispositiu utilitzat, podent ser d&#8217;aplicaci\u00f3 la normativa en mat\u00e8ria de protecci\u00f3 de dades personals. Per aix\u00f2, l&#8217;informem que la informaci\u00f3 que s&#8217;obt\u00e9 per mitj\u00e0 de les cookies, ser\u00e0 tractada amb les finalitats indicades en la present Pol\u00edtica de Cookies. Aix\u00ed mateix, aquesta informaci\u00f3 tamb\u00e9 ser\u00e0 tractada per aquelles empreses que proveeixen cookies amb les finalitats indicades en les seves respectives pol\u00edtiques de privacitat.  <\/p>\n\n<p>No obstant aix\u00f2, tenint en compte que aquests codis no permeten la identificaci\u00f3 de l&#8217;Usuari, no seran d&#8217;aplicaci\u00f3 els drets d&#8217;acc\u00e9s, rectificaci\u00f3, supressi\u00f3, oposici\u00f3, limitaci\u00f3 i portabilitat reconeguts en la normativa de protecci\u00f3 de dades, llevat que l&#8217;Usuari sigui capa\u00e7 d&#8217;aportar informaci\u00f3 addicional que permeti vincular la seva identitat amb els codis identificatius de les seves cookies.<\/p>\n\n<p>En cas de considerar vulnerat el seu dret a la protecci\u00f3 de dades, l&#8217;usuari podr\u00e0 interposar una reclamaci\u00f3 davant l&#8217;Ag\u00e8ncia Espanyola de Protecci\u00f3 de Dades (www.aepd.es) o davant el nostre Delegat de Protecci\u00f3 de Dades\/responsable de protecci\u00f3 de dades en el seg\u00fcent e-mail info@stage0.dev.aplitec.com<\/p>\n\n<p>D&#8217;altra banda, l&#8217;informem que alguns dels nostres prove\u00efdors, socis i col\u00b7laboradors poden estar ubicats als Estats Units o altres pa\u00efsos la legislaci\u00f3 dels quals no ofereix un nivell de protecci\u00f3 de dades equivalent a l&#8217;europeu. En consentir l&#8217;\u00fas de cookies i la compartici\u00f3 de dades, consent la transfer\u00e8ncia de les seves dades personals. <\/p>\n\n<p><strong>9) GESTI\u00d3 DE COOKIES: Garanties complement\u00e0ries<\/strong><\/p>\n\n<p>Tots els navegadors d&#8217;Internet permeten limitar el comportament d&#8217;una cookie o desactivar les cookies dins de la configuraci\u00f3 o opcions del navegador. Els passos per fer-ho s\u00f3n diferents per a cada navegador, podent trobar-se instruccions en el men\u00fa d&#8217; ajuda de cada navegador. <\/p>\n\n<p>Molts navegadors permeten activar una manera privada mitjan\u00e7ant la qual les cookies s&#8217;esborran sempre despr\u00e9s de la visita Depenent de cada navegador aquesta manera privada, pot tenir diferents noms.<\/p>\n\n<p>\u2013 Internet Explorer: http:\/\/windows.microsoft.com\/es-xl\/internet-explorer\/delete-manage-cookies#ie=ie-11<\/p>\n\n<p>\u2013 FireFox: https:\/\/support.mozilla.org\/es\/kb\/Borrarcookies<\/p>\n\n<p>\u2013 Chrome: https:\/\/support.google.com\/chrome\/answer\/95647?hl=es<\/p>\n\n<p>\u2013 Safari: http:\/\/www.apple.com\/legal\/privacy\/es\/cookies\/<\/p>\n\n<p>\u2013 Opera: https:\/\/help.opera.com\/en\/latest\/security-and-privacy\/<\/p>\n\n<p>\u2013 Safari para iOS (dispositius iPhone e iPad): http:\/\/help.opera.com\/Linux\/10.50\/en\/cookies.html<\/p>\n\n<p>\u2013 Chrome per a Android: https:\/\/support.google.com\/chrome\/answer\/2392971?hl=es<\/p>\n\n<p>\u2013 Windows Phone: http:\/\/www.windowsphone.com\/es-es\/how-to\/wp7\/web\/changing-privacy-and-other-browser-<\/p>\n\n<p>Per obtenir m\u00e9s informaci\u00f3 sobre l&#8217;eliminaci\u00f3, deshabilitaci\u00f3 o bloqueig de cookies tamb\u00e9 pot visitar: http:\/\/www.aboutcookies.org\/Default.aspx?page=2<\/p>\n\n<p>En cas de deshabilitar les cookies, no podrem mantenir les seves prefer\u00e8ncies i algunes funcionalitats del Lloc Web podrien quedar inoperatives, no podent oferir-li serveis personalitzats.<\/p>\n\n<p><strong>10) ACTUALITZACI\u00d3 DE LA POL\u00cdTICA DE COOKIES<\/strong><\/p>\n\n<p>Aquest lloc web pot modificar aquesta Pol\u00edtica sobre Cookies, per aix\u00f2 li recomanem revisar aquesta pol\u00edtica cada vegada que accedeixi al nostre lloc web per estar adequadament informat sobre l&#8217;\u00fas que fem de les cookies.<\/p>\n","protected":false},"excerpt":{"rendered":"<p>Pol\u00edtica de cookies En compliment de la Llei 34\/2002 de Serveis de la Societat de la Informaci\u00f3 i del Comer\u00e7 [&hellip;]<\/p>\n","protected":false},"author":1,"featured_media":0,"parent":0,"menu_order":0,"comment_status":"closed","ping_status":"open","template":"","meta":{"inline_featured_image":false,"site-sidebar-layout":"default","site-content-layout":"","ast-site-content-layout":"","site-content-style":"default","site-sidebar-style":"default","ast-global-header-display":"","ast-banner-title-visibility":"","ast-main-header-display":"","ast-hfb-above-header-display":"","ast-hfb-below-header-display":"","ast-hfb-mobile-header-display":"","site-post-title":"disabled","ast-breadcrumbs-content":"","ast-featured-img":"","footer-sml-layout":"","ast-disable-related-posts":"","theme-transparent-header-meta":"","adv-header-id-meta":"","stick-header-meta":"","header-above-stick-meta":"","header-main-stick-meta":"","header-below-stick-meta":"","astra-migrate-meta-layouts":"default","ast-page-background-enabled":"default","ast-page-background-meta":{"desktop":{"background-color":"var(--ast-global-color-5)","background-image":"","background-repeat":"repeat","background-position":"center center","background-size":"auto","background-attachment":"scroll","background-type":"","background-media":"","overlay-type":"","overlay-color":"","overlay-opacity":"","overlay-gradient":""},"tablet":{"background-color":"","background-image":"","background-repeat":"repeat","background-position":"center center","background-size":"auto","background-attachment":"scroll","background-type":"","background-media":"","overlay-type":"","overlay-color":"","overlay-opacity":"","overlay-gradient":""},"mobile":{"background-color":"","background-image":"","background-repeat":"repeat","background-position":"center center","background-size":"auto","background-attachment":"scroll","background-type":"","background-media":"","overlay-type":"","overlay-color":"","overlay-opacity":"","overlay-gradient":""}},"ast-content-background-meta":{"desktop":{"background-color":"var(--ast-global-color-4)","background-image":"","background-repeat":"repeat","background-position":"center center","background-size":"auto","background-attachment":"scroll","background-type":"","background-media":"","overlay-type":"","overlay-color":"","overlay-opacity":"","overlay-gradient":""},"tablet":{"background-color":"var(--ast-global-color-4)","background-image":"","background-repeat":"repeat","background-position":"center center","background-size":"auto","background-attachment":"scroll","background-type":"","background-media":"","overlay-type":"","overlay-color":"","overlay-opacity":"","overlay-gradient":""},"mobile":{"background-color":"var(--ast-global-color-4)","background-image":"","background-repeat":"repeat","background-position":"center center","background-size":"auto","background-attachment":"scroll","background-type":"","background-media":"","overlay-type":"","overlay-color":"","overlay-opacity":"","overlay-gradient":""}},"footnotes":""},"class_list":["post-5128","page","type-page","status-publish","hentry"],"_links":{"self":[{"href":"https:\/\/stage0.dev.aplitec.com\/ca\/wp-json\/wp\/v2\/pages\/5128","targetHints":{"allow":["GET"]}}],"collection":[{"href":"https:\/\/stage0.dev.aplitec.com\/ca\/wp-json\/wp\/v2\/pages"}],"about":[{"href":"https:\/\/stage0.dev.aplitec.com\/ca\/wp-json\/wp\/v2\/types\/page"}],"author":[{"embeddable":true,"href":"https:\/\/stage0.dev.aplitec.com\/ca\/wp-json\/wp\/v2\/users\/1"}],"replies":[{"embeddable":true,"href":"https:\/\/stage0.dev.aplitec.com\/ca\/wp-json\/wp\/v2\/comments?post=5128"}],"version-history":[{"count":5,"href":"https:\/\/stage0.dev.aplitec.com\/ca\/wp-json\/wp\/v2\/pages\/5128\/revisions"}],"predecessor-version":[{"id":5816,"href":"https:\/\/stage0.dev.aplitec.com\/ca\/wp-json\/wp\/v2\/pages\/5128\/revisions\/5816"}],"wp:attachment":[{"href":"https:\/\/stage0.dev.aplitec.com\/ca\/wp-json\/wp\/v2\/media?parent=5128"}],"curies":[{"name":"wp","href":"https:\/\/api.w.org\/{rel}","templated":true}]}}