{"id":5133,"date":"2025-06-02T08:16:09","date_gmt":"2025-06-02T06:16:09","guid":{"rendered":"https:\/\/stage0.dev.aplitec.com\/politica-de-privacitat\/"},"modified":"2026-05-04T13:02:07","modified_gmt":"2026-05-04T11:02:07","slug":"politica-de-privacitat","status":"publish","type":"page","link":"https:\/\/stage0.dev.aplitec.com\/ca\/politica-de-privacitat\/","title":{"rendered":"Pol\u00edtica de privacidad"},"content":{"rendered":"\n<div style=\"height:150px\" aria-hidden=\"true\" class=\"wp-block-spacer\"><\/div>\n\n<h1 class=\"wp-block-heading\">Pol\u00edtica de privacidad<\/h1>\n\n<p>El nostre objectiu \u00e9s ser el m\u00e9s transparents possible amb els nostres usuaris i clients sobre les dades personals que recopilem. La seva privacitat \u00e9s important per a nosaltres. <br\/>Mitjan\u00e7ant la lectura de la present Pol\u00edtica de privacitat, l&#8217;usuari queda informat sobre la forma en qu\u00e8 CASTELL SANT MORI recopila, tracta i protegeix les dades de car\u00e0cter personal que li s\u00f3n facilitades a trav\u00e9s del lloc web <a class=\"\" href=\"https:\/\/stage0.dev.aplitec.com\/ca\/\">https:\/\/stage0.dev.aplitec.com\/<\/a> (en endavant, el lloc web) i aquelles altres dades que pugui facilitar en un futur a CASTELL SANT MORI per altres mitjans.<br\/>L&#8217;usuari ha de llegir atentament aquesta Pol\u00edtica de privacitat, que ha estat redactada de forma clara i senzilla, per facilitar la seva comprensi\u00f3, i determinar lliurement i volunt\u00e0riament si desitja facilitar les seves dades personals a CASTELL SANT MORI.<br\/>En omplir qualsevol formulari i fer clic a la casella \u00abHe llegit la pol\u00edtica de privacitat\u00bb o similar, l&#8217;usuari manifesta expressament que ha llegit la present pol\u00edtica de privacitat on s&#8217;indiquen els tractaments de dades que es realitzen i les finalitats, entre altres informacions, donant aix\u00ed compliment al deure d&#8217;informar que imposa la normativa de Protecci\u00f3 de Dades.<br\/>En aquells casos en qu\u00e8 a la p\u00e0gina web corporativa se sol\u00b7liciti el consentiment per a una finalitat concreta, en fer clic a la casella &#8220;Accepto&#8221; o similar, o marcar la casella de selecci\u00f3 (check box), l&#8217;usuari dona el seu consentiment inequ\u00edvoc i expr\u00e9s per al tractament en q\u00fcesti\u00f3.<\/p>\n\n<p><strong>Qui \u00e9s el responsable del tractament de les seves dades?<\/strong><br\/>\u2022 Identitat: Sector Loan Properties, S.L. \u2013 DNI: B60556925<br\/>\u2022 Adre\u00e7a: c\/Figueres 5-7, Sant Mori, 17467<br\/>\u2022 Tel\u00e8fon: 699245520<br\/>\u2022 Correu electr\u00f2nic: <a>info@stage0.dev.aplitec.com<\/a><\/p>\n\n<p><strong>\u2013 Tractament de DADES recopilades mitjan\u00e7ant la WEB<\/strong><br\/><strong>Amb quina finalitat tractem les seves dades personals?<\/strong><br\/>A CASTELL SANT MORI, tractem la informaci\u00f3 que ens faciliten les persones interessades amb la finalitat d&#8217;atendre la seua sol\u00b7licitud i, si escau, enviar-li informaci\u00f3 sobre els nostres productes o serveis, aix\u00ed com els nostres butlletins.<br\/>No es prendran decisions automatitzades en base a les dades proporcionades.<\/p>\n\n<p><strong>Per quant temps conservarem les seves dades?<\/strong><br\/>Les dades es conservaran mentre l&#8217; interessat no demani la seva supressi\u00f3 o mentre duri la relaci\u00f3 comercial, sempre respectant els terminis de prescripci\u00f3 de responsabilitats.<\/p>\n\n<p><strong>Quina \u00e9s la legitimaci\u00f3 per al tractament de les seves dades?<\/strong><br\/>Consentiment de l&#8217;interessat (marcant casella de selecci\u00f3 o check box): Atendre la seva sol\u00b7licitud i, en el seu cas, enviar-li informaci\u00f3 sobre els nostres productes o serveis, aix\u00ed com els nostres butlletins.<\/p>\n\n<p><strong>A quins destinataris es comunicaran les seves dades?<\/strong><br\/>No se cediran dades a tercers, llevat d&#8217; obligaci\u00f3 legal.<\/p>\n\n<p><strong>Transfer\u00e8ncies de dades a tercers pa\u00efsos?<\/strong><br\/>No estan previstes transfer\u00e8ncies de dades a tercers pa\u00efsos.<\/p>\n\n<p><strong>Com hem obtingut les seves dades?<\/strong><br\/>Les dades personals que tractem en CASTELL SANT MORI procedeixen del propi interessat o del seu representant legal.<\/p>\n\n<p><strong>\u2013 Tractament de DADES per a SELECCI\u00d3 de PERSONAL<\/strong><br\/><strong>Amb quina finalitat tractem les seves dades personals?<\/strong><br\/>A CASTELL SANT MORI, tractem la informaci\u00f3 que ens faciliten les persones interessades amb la finalitat de realitzar els processos de selecci\u00f3 de personal.<br\/>No es prendran decisions automatitzades en base a les dades proporcionades.<\/p>\n\n<p><strong>Per quant temps conservarem les seves dades?<\/strong><br\/>Es conservaran durant dos anys, llevat que l&#8217; interessat retiri el seu consentiment abans del termini m\u00e0xim de conservaci\u00f3.<\/p>\n\n<p><strong>Quina \u00e9s la legitimaci\u00f3 per al tractament de les seves dades?<\/strong><br\/>Consentiment de l&#8217; interessat: Participar en els processos de selecci\u00f3 de personal.<\/p>\n\n<p><strong>A quins destinataris es comunicaran les seves dades?<\/strong><br\/>No se cediran dades a tercers, llevat d&#8217; obligaci\u00f3 legal.<\/p>\n\n<p><strong>Transfer\u00e8ncies de dades a tercers pa\u00efsos?<\/strong><br\/>No estan previstes transfer\u00e8ncies de dades a tercers pa\u00efsos.<\/p>\n\n<p><strong>Com hem obtingut les seves dades?<\/strong><br\/>Les dades personals que tractem en CASTELL SANT MORI procedeixen del propi interessat o del seu representant legal.<\/p>\n\n<p><strong>Les categories de dades que es tracten s\u00f3n:<\/strong><br\/>\u2022 Dades identificatives<br\/>\u2022 Adreces postals i electr\u00f2niques<br\/>\u2022 Dades professionals i acad\u00e8miques<\/p>\n\n<p><strong>\u2013 Tractament de l&#8217;\u00daS de la IMATGE<\/strong><br\/><strong>Amb quina finalitat tractem les seves dades personals?<\/strong><br\/>A CASTELL SANT MORI, tractem les dades obtingudes (imatge i, si s&#8217;escau, veu), amb la finalitat de publicar aquestes imatges en webs o xarxes socials, aix\u00ed com en altres suports de difusi\u00f3, com revistes, publicacions, etc., per realitzar accions de publicitat o difusi\u00f3 de les nostres activitats.<br\/>No es prendran decisions automatitzades en base a les dades proporcionades.<\/p>\n\n<p><strong>Per quant temps conservarem les seves dades?<\/strong><br\/>Les dades es conservaran des que l&#8217; usuari presta el seu consentiment fins que retiri aquest consentiment.<\/p>\n\n<p><strong>Quina \u00e9s la legitimaci\u00f3 per al tractament de les seves dades?<\/strong><br\/>Consentiment de l&#8217; interessat: \u00das de fotografies i, si s&#8217; escau, v\u00eddeos on apareix la imatge d&#8217; interessats.<br\/>Aix\u00ed mateix, s&#8217; informa que atorgant el consentiment, les imatges poden ser publicades al web de l&#8217; empresa, xarxes socials i qualsevol suport que l&#8217; empresa consideri oport\u00fa per donar publicitat a les seves activitats, esdeveniments i serveis.<\/p>\n\n<p><strong>A quins destinataris es comunicaran les seves dades?<\/strong><br\/>Seran publicades al web de l&#8217;empresa i\/o xarxes socials.<\/p>\n\n<p><strong>Transfer\u00e8ncies de dades a tercers pa\u00efsos?<\/strong><br\/>L&#8217; \u00fas d&#8217; imatges en xarxes socials pot implicar transfer\u00e8ncies internacionals de dades.<\/p>\n\n<p><strong>\u2013 Tractament de DADES de CLIENTS<\/strong><br\/><strong>Amb quina finalitat tractem les seves dades personals?<\/strong><br\/>A CASTELL SANT MORI, tractem la informaci\u00f3 que ens faciliten les persones interessades amb la finalitat principal de prestar-li els serveis sol\u00b7licitats, aix\u00ed com realitzar la gesti\u00f3 administrativa, comptable i fiscal derivada d&#8217;aquests serveis o venda de producte, i, si escau, per enviar comunicacions comercials sobre els nostres productes i serveis.<br\/>No es prendran decisions automatitzades en base a les dades proporcionades.<\/p>\n\n<p><strong>Per quant temps conservarem les seves dades?<\/strong><br\/>Les dades es conservaran mentre l&#8217; interessat no demani la seva supressi\u00f3, i si s&#8217; escau, durant els anys necessaris per complir amb les obligacions legals.<\/p>\n\n<p><strong>Quina \u00e9s la legitimaci\u00f3 per al tractament de les seves dades?<\/strong><br\/>Li indiquem la base legal per al tractament de les seves dades:<br\/>Execuci\u00f3 d&#8217; un contracte: Prestar els serveis demanats<br\/>Obligaci\u00f3 legal: Realitzar la gesti\u00f3 administrativa, comptable i fiscal dels serveis demanats.<br\/>Inter\u00e8s leg\u00edtim del Responsable: Trametre comunicacions comercials sobre els nostres productes i serveis.<\/p>\n\n<p><strong>A quins destinataris es comunicaran les seves dades?<\/strong><br\/>Les dades es comunicaran als destinataris seg\u00fcents:<br\/>Ag\u00e8ncia Tribut\u00e0ria, amb la finalitat de complir amb les obligacions legals. (Logotip legal). <br\/>Entitats financeres, amb la finalitat de girar els rebuts corresponents, si s&#8217; escau. (Logotip contractual). <\/p>\n\n<p><strong>Transfer\u00e8ncies de dades a tercers pa\u00efsos?<\/strong><br\/>No estan previstes transfer\u00e8ncies de dades a tercers pa\u00efsos.<\/p>\n\n<p><strong>Com hem obtingut les seves dades?<\/strong><br\/>Les dades personals que tractem en CASTELL SANT MORI procedeixen del propi interessat o del seu representant legal.<\/p>\n\n<p><strong>Les categories de dades que es tracten s\u00f3n:<\/strong><br\/>\u2022 Dades identificatives<br\/>\u2022 Adreces postals i electr\u00f2niques<br\/>\u2022 Informaci\u00f3 comercial<br\/>\u2022 Informaci\u00f3 banc\u00e0ria, si s&#8217;escau<\/p>\n\n<p><strong>\u2013 Tractament de dades per a PUBLICITAT<\/strong><br\/><strong>Amb quina finalitat tractem les seves dades personals?<\/strong><br\/>A CASTELL SANT MORI, tractem la informaci\u00f3 que ens faciliten les persones interessades amb la finalitat de gestionar l&#8217;enviament de comunicacions comercials sobre els nostres productes i\/o serveis a trav\u00e9s de mitjans electr\u00f2nics (e-mail, WhatsApp, SMS&#8230;).<br\/>No es prendran decisions automatitzades en base a les dades proporcionades.<\/p>\n\n<p><strong>Per quant temps conservarem les seves dades?<\/strong><br\/>Les dades es conservaran des que l&#8217; usuari presta el seu consentiment fins que retiri aquest consentiment.<\/p>\n\n<p><strong>Quina \u00e9s la legitimaci\u00f3 per al tractament de les seves dades?<\/strong><br\/>Consentiment de l&#8217;interessat (mitjan\u00e7ant la signatura del document d&#8217;obtenci\u00f3 del consentiment, marcar o fer tiquet a la casella de selecci\u00f3 o check box o qualsevol altre mitj\u00e0 v\u00e0lid per a l&#8217;obtenci\u00f3 del mateix): Per a l&#8217;enviament de comunicacions comercials.<\/p>\n\n<p><strong>A quins destinataris es comunicaran les seves dades?<\/strong><br\/>Plataformes de tramesa de publicitat mitjan\u00e7ant mitjans electr\u00f2nics, amb la finalitat de realitzar la tramesa amb garanties i obtenir dades estad\u00edstiques.<\/p>\n\n<p><strong>Transfer\u00e8ncies de dades a tercers pa\u00efsos?<\/strong><br\/>No estan previstes transfer\u00e8ncies de dades a tercers pa\u00efsos.<\/p>\n\n<p><strong>Com hem obtingut les seves dades?<\/strong><br\/>Les dades personals que tractem en CASTELL SANT MORI procedeixen del propi interessat o del seu representant legal.<\/p>\n\n<p><strong>Les categories de dades que es tracten s\u00f3n:<\/strong><br\/>\u2022 Adreces postals i electr\u00f2niques<br\/>\u2022 Informaci\u00f3 comercial<\/p>\n\n<p><strong>\u2013 Tractament de les dades de VIDEOVIGIL\u00c0NCIA<\/strong><br\/><strong>Informaci\u00f3 b\u00e0sica sobre Protecci\u00f3 de Dades<\/strong><br\/>Responsable: CASTELL SANT MORI; Finalitat: Garantir la seguretat de persones, b\u00e9ns i instal.lacions; Legitimaci\u00f3: Missi\u00f3 en Inter\u00e8s p\u00fablic; Destinataris: Estan previstes cessions de dades a: Si s&#8217; escau, les forces i cossos de seguretat de l&#8217; Estat, aix\u00ed com Jutjats i Tribunals; Drets: T\u00e9 dret a accedir, rectificar i suprimir les dades, aix\u00ed com altres drets, indicats en la informaci\u00f3 addicional, que pot exercir dirigint-se a l&#8217; adre\u00e7a del responsable del tractament.<\/p>\n\n<p><strong>Informaci\u00f3 completa sobre Protecci\u00f3 de Dades<\/strong><br\/><strong>Amb quina finalitat tractem les seves dades personals?<\/strong><br\/>A CASTELL SANT MORI, tractem la informaci\u00f3 que ens faciliten les persones interessades amb la finalitat de garantir la seguretat de persones, b\u00e9ns i instal\u00b7lacions.<br\/>No es prendran decisions automatitzades en base a les dades proporcionades.<\/p>\n\n<p><strong>Per quant temps conservarem les seves dades?<\/strong><br\/>Les dades es conservaran un m\u00e0xim de 30 dies, llevat de comunicaci\u00f3 a Forces i Cossos de Seguretat, i\/o Jutjats i Tribunals.<\/p>\n\n<p><strong>Quina \u00e9s la legitimaci\u00f3 per al tractament de les seves dades?<\/strong><br\/>Missi\u00f3 en Inter\u00e8s p\u00fablic: Garantir la seguretat de persones, b\u00e9ns i instal\u00b7lacions.<\/p>\n\n<p><strong>A quins destinataris es comunicaran les seves dades?<\/strong><br\/>En el seu cas, les forces i cossos de seguretat de l&#8217; Estat, aix\u00ed com Jutjats i Tribunals, amb la finalitat d&#8217; aportar les imatges si s&#8217; ha com\u00e8s un delicte o infracci\u00f3.<\/p>\n\n<p><strong>Transfer\u00e8ncies de dades a tercers pa\u00efsos?<\/strong><br\/>No estan previstes transfer\u00e8ncies de dades a tercers pa\u00efsos.<\/p>\n\n<p><strong>Quines categories de dades personals tractem?<\/strong><br\/>Imatge.<\/p>\n\n<hr class=\"wp-block-separator has-alpha-channel-opacity\"\/>\n\n<h3 class=\"wp-block-heading\">DRETS DE L&#8217; INTERESSAT<\/h3>\n\n<p><strong>Quins s\u00f3n els seus drets quan ens facilita les seves dades?<\/strong><br\/>Qualsevol persona t\u00e9 dret a obtenir confirmaci\u00f3 sobre si a CASTELL SANT MORI estem tractant dades personals que li concerneixen, o no.<br\/>Les persones interessades tenen dret a accedir (art. 15 RGPD) a les seves dades personals, aix\u00ed com a sol\u00b7licitar la rectificaci\u00f3 (art. 16 RGPD) de les dades inexactes o, si s&#8217;escau, sol\u00b7licitar la seva supressi\u00f3 (art. 17 RGPD) quan, entre altres motius, les dades ja no siguin necess\u00e0ries per a les finalitats que van ser recollides.<br\/>En determinades circumst\u00e0ncies, els interessats podran sol\u00b7licitar la limitaci\u00f3 (Art. 18 RGPD) del tractament de les seves dades, cas en el qual \u00fanicament les conservarem per a l&#8217;exercici o la defensa de reclamacions.<br\/>En determinades circumst\u00e0ncies i per motius relacionats amb la seva situaci\u00f3 particular, els interessats podran oposar-se al tractament (art. 21 RGPD) de les seves dades. En aquest cas, CASTELL SANT MORI deixar\u00e0 de tractar les dades, llevat que existeixin motius leg\u00edtims imperiosos, o l&#8217; exercici o la defensa de possibles reclamacions.<br\/>Tamb\u00e9 tindr\u00e0 dret a sol\u00b7licitar la portabilitat (art. 20 RGPD) de les seves dades personals. Aix\u00f2 significa que tindr\u00e0 dret a rebre les dades personals que ens hagi facilitat en un format estructurat, d&#8217; \u00fas com\u00fa i lectura mec\u00e0nica, per poder transmetre&#8217; ls a una altra entitat directament, sempre que t\u00e8cnicament sigui possible.<br\/>Si ha atorgat el seu consentiment per a alguna finalitat concreta, t\u00e9 dret a retirar el consentiment (art. 7 RGPD) en qualsevol moment, sense que la retirada afecti la licitud del tractament basat en el consentiment previ a la seva retirada.<br\/>Pot exercir els seus drets dirigint-se al responsable presencialment per correu postal, o b\u00e9 per correu electr\u00f2nic a l&#8217;adre\u00e7a electr\u00f2nica del responsable, enviant la inst\u00e0ncia\/sol\u00b7licitud. Els formularis per a les sol\u00b7licituds\/exercici de drets, els pot trobar al lloc web de l&#8217;Ag\u00e8ncia Espanyola de Protecci\u00f3 de Dades:   <br\/><a class=\"\" href=\"https:\/\/www.aepd.es\/reglamento\/derechos\/index.html#anchor\" rel=\"nofollow noopener\" target=\"_blank\">https:\/\/www.aepd.es\/reglamento\/derechos\/index.html#anchor<\/a><br\/>En cas que consideri vulnerats els seus drets pel que fa a la protecci\u00f3 de les seves dades personals, especialment quan no hagi obtingut satisfacci\u00f3 en l&#8217; exercici dels seus drets, pot presentar una reclamaci\u00f3 davant l&#8217; Autoritat de Control en mat\u00e8ria de Protecci\u00f3 de Dades competent accedint a la seu electr\u00f2nica de l&#8217; Ag\u00e8ncia Espanyola de Protecci\u00f3 de Dades:<br\/><a class=\"\" href=\"https:\/\/sedeagpd.gob.es\/sede-electronica-web\/vistas\/infoSede\/canalesAcceso.jsf\" rel=\"nofollow noopener\" target=\"_blank\">https:\/\/sedeagpd.gob.es\/sede-electronica-web\/vistas\/infoSede\/canalesAcceso.jsf<\/a><\/p>\n\n<hr class=\"wp-block-separator has-alpha-channel-opacity\"\/>\n\n<h3 class=\"wp-block-heading\">OBLIGATORIETAT DE FACILITAR LES DADES<\/h3>\n\n<p>Les dades sol\u00b7licitades en els formularis accessibles des del Lloc web de CASTELL SANT MORI i, en general, aquelles que sol\u00b7liciti l&#8217;empresa per a la prestaci\u00f3 del servei\/venda de producte, s\u00f3n, amb car\u00e0cter general, obligatoris (llevat que en el camp requerit s&#8217;especifiqui el contrari) per complir amb les finalitats establertes. Per tant, si no es faciliten els mateixos o no es faciliten amb exactitud, \u00e9s possible que no es puguin atendre les sol\u00b7licituds correctament.<br\/>En cas que l&#8217; interessat faciliti dades de tercers, manifesta comptar amb el consentiment d&#8217; aquestes i es compromet a traslladar a l&#8217; interessat, titular d&#8217; aquestes dades, la informaci\u00f3 continguda en la present Pol\u00edtica de Privacitat, eximint CASTELL SANT MORI de qualsevol responsabilitat en aquest sentit. <\/p>\n\n<hr class=\"wp-block-separator has-alpha-channel-opacity\"\/>\n\n<h3 class=\"wp-block-heading\">MESURES DE SEGURETAT<\/h3>\n\n<p>Les dades personals seran tractades de manera l\u00edcita, lleial i transparent en relaci\u00f3 amb l&#8217;interessat (\u00ablicitud, lleialtat i transpar\u00e8ncia\u00bb); recollits amb finalitats determinades, expl\u00edcites i leg\u00edtimes, i no seran tractats ulteriorment de manera incompatible amb aquestes finalitats; adequats, pertinents i limitats al necessari en relaci\u00f3 amb els fins per als quals s\u00f3n tractats, mantinguts de manera que es permeti la identificaci\u00f3 dels interessats durant no m\u00e9s temps del necessari per a les finalitats del tractament de les dades personals (respectant els terminis de prescripci\u00f3 de responsabilitats); tractades de tal manera que es garanteixi una seguretat adequada de les dades personals, inclosa la protecci\u00f3 contra el tractament no autoritzat o il\u00b7l\u00edcit i contra la seva p\u00e8rdua, destrucci\u00f3 o dany accidental, mitjan\u00e7ant l&#8217;aplicaci\u00f3 de mesures t\u00e8cniques o organitzatives apropiades (\u00abintegritat i confidencialitat\u00bb).<br\/>Seguim uns estrictes criteris de selecci\u00f3 de prove\u00efdors de serveis amb acc\u00e9s a dades personals, tot aix\u00f2 per donar compliment a les seves obligacions en mat\u00e8ria de protecci\u00f3 de dades, aix\u00ed com formalitzar amb ells el corresponent contracte d&#8217;encarregat del tractament (art. 28 RGPD), mitjan\u00e7ant el qual se&#8217;ls imposar\u00e0, entre d&#8217;altres, les seg\u00fcents obligacions: aplicar mesures t\u00e8cniques i organitzatives apropiades; tractar les dades seguint les nostres instruccions; i suprimir o retornar-nos les dades un cop finalitzi la prestaci\u00f3 dels serveis.<\/p>\n\n<p><\/p>\n","protected":false},"excerpt":{"rendered":"<p>Pol\u00edtica de privacidad El nostre objectiu \u00e9s ser el m\u00e9s transparents possible amb els nostres usuaris i clients sobre les [&hellip;]<\/p>\n","protected":false},"author":1,"featured_media":0,"parent":0,"menu_order":0,"comment_status":"closed","ping_status":"open","template":"","meta":{"inline_featured_image":false,"site-sidebar-layout":"default","site-content-layout":"","ast-site-content-layout":"","site-content-style":"default","site-sidebar-style":"default","ast-global-header-display":"","ast-banner-title-visibility":"","ast-main-header-display":"","ast-hfb-above-header-display":"","ast-hfb-below-header-display":"","ast-hfb-mobile-header-display":"","site-post-title":"disabled","ast-breadcrumbs-content":"","ast-featured-img":"","footer-sml-layout":"","ast-disable-related-posts":"","theme-transparent-header-meta":"","adv-header-id-meta":"","stick-header-meta":"","header-above-stick-meta":"","header-main-stick-meta":"","header-below-stick-meta":"","astra-migrate-meta-layouts":"default","ast-page-background-enabled":"default","ast-page-background-meta":{"desktop":{"background-color":"var(--ast-global-color-5)","background-image":"","background-repeat":"repeat","background-position":"center center","background-size":"auto","background-attachment":"scroll","background-type":"","background-media":"","overlay-type":"","overlay-color":"","overlay-opacity":"","overlay-gradient":""},"tablet":{"background-color":"","background-image":"","background-repeat":"repeat","background-position":"center center","background-size":"auto","background-attachment":"scroll","background-type":"","background-media":"","overlay-type":"","overlay-color":"","overlay-opacity":"","overlay-gradient":""},"mobile":{"background-color":"","background-image":"","background-repeat":"repeat","background-position":"center center","background-size":"auto","background-attachment":"scroll","background-type":"","background-media":"","overlay-type":"","overlay-color":"","overlay-opacity":"","overlay-gradient":""}},"ast-content-background-meta":{"desktop":{"background-color":"var(--ast-global-color-4)","background-image":"","background-repeat":"repeat","background-position":"center center","background-size":"auto","background-attachment":"scroll","background-type":"","background-media":"","overlay-type":"","overlay-color":"","overlay-opacity":"","overlay-gradient":""},"tablet":{"background-color":"var(--ast-global-color-4)","background-image":"","background-repeat":"repeat","background-position":"center center","background-size":"auto","background-attachment":"scroll","background-type":"","background-media":"","overlay-type":"","overlay-color":"","overlay-opacity":"","overlay-gradient":""},"mobile":{"background-color":"var(--ast-global-color-4)","background-image":"","background-repeat":"repeat","background-position":"center center","background-size":"auto","background-attachment":"scroll","background-type":"","background-media":"","overlay-type":"","overlay-color":"","overlay-opacity":"","overlay-gradient":""}},"footnotes":""},"class_list":["post-5133","page","type-page","status-publish","hentry"],"_links":{"self":[{"href":"https:\/\/stage0.dev.aplitec.com\/ca\/wp-json\/wp\/v2\/pages\/5133","targetHints":{"allow":["GET"]}}],"collection":[{"href":"https:\/\/stage0.dev.aplitec.com\/ca\/wp-json\/wp\/v2\/pages"}],"about":[{"href":"https:\/\/stage0.dev.aplitec.com\/ca\/wp-json\/wp\/v2\/types\/page"}],"author":[{"embeddable":true,"href":"https:\/\/stage0.dev.aplitec.com\/ca\/wp-json\/wp\/v2\/users\/1"}],"replies":[{"embeddable":true,"href":"https:\/\/stage0.dev.aplitec.com\/ca\/wp-json\/wp\/v2\/comments?post=5133"}],"version-history":[{"count":3,"href":"https:\/\/stage0.dev.aplitec.com\/ca\/wp-json\/wp\/v2\/pages\/5133\/revisions"}],"predecessor-version":[{"id":5818,"href":"https:\/\/stage0.dev.aplitec.com\/ca\/wp-json\/wp\/v2\/pages\/5133\/revisions\/5818"}],"wp:attachment":[{"href":"https:\/\/stage0.dev.aplitec.com\/ca\/wp-json\/wp\/v2\/media?parent=5133"}],"curies":[{"name":"wp","href":"https:\/\/api.w.org\/{rel}","templated":true}]}}